{"id":81,"date":"2026-03-28T11:44:19","date_gmt":"2026-03-28T17:44:19","guid":{"rendered":"https:\/\/ti-usr3-cp.cuc-carrera-ti.ac.cr\/losadan_tareatres\/?page_id=81"},"modified":"2026-03-29T12:46:22","modified_gmt":"2026-03-29T18:46:22","slug":"quienes-somos","status":"publish","type":"page","link":"https:\/\/ti-usr3-cp.cuc-carrera-ti.ac.cr\/losadan_tareatres\/quienes-somos\/","title":{"rendered":"Quienes somos"},"content":{"rendered":"\n<div class=\"wp-block-cover banner-wrap has-foreground-color has-text-color has-link-color wp-elements-154554e02c7eea179f7df1809515771d\" style=\"border-top-left-radius:0px;border-top-right-radius:0px;border-bottom-left-radius:0px;border-bottom-right-radius:0px;min-height:1000px;aspect-ratio:unset;\"><img loading=\"lazy\" decoding=\"async\" width=\"683\" height=\"1024\" class=\"wp-block-cover__image-background wp-image-10 size-large\" alt=\"\" src=\"https:\/\/ti-usr3-cp.cuc-carrera-ti.ac.cr\/losadan_tareatres\/wp-content\/uploads\/2026\/03\/photo-1579226905180-636b76d96082-683x1024.jpg\" data-object-fit=\"cover\" srcset=\"https:\/\/ti-usr3-cp.cuc-carrera-ti.ac.cr\/losadan_tareatres\/wp-content\/uploads\/2026\/03\/photo-1579226905180-636b76d96082-683x1024.jpg 683w, https:\/\/ti-usr3-cp.cuc-carrera-ti.ac.cr\/losadan_tareatres\/wp-content\/uploads\/2026\/03\/photo-1579226905180-636b76d96082-200x300.jpg 200w, https:\/\/ti-usr3-cp.cuc-carrera-ti.ac.cr\/losadan_tareatres\/wp-content\/uploads\/2026\/03\/photo-1579226905180-636b76d96082-768x1152.jpg 768w, https:\/\/ti-usr3-cp.cuc-carrera-ti.ac.cr\/losadan_tareatres\/wp-content\/uploads\/2026\/03\/photo-1579226905180-636b76d96082-1024x1536.jpg 1024w, https:\/\/ti-usr3-cp.cuc-carrera-ti.ac.cr\/losadan_tareatres\/wp-content\/uploads\/2026\/03\/photo-1579226905180-636b76d96082-1365x2048.jpg 1365w, https:\/\/ti-usr3-cp.cuc-carrera-ti.ac.cr\/losadan_tareatres\/wp-content\/uploads\/2026\/03\/photo-1579226905180-636b76d96082-scaled.jpg 1707w\" sizes=\"auto, (max-width: 683px) 100vw, 683px\" \/><span aria-hidden=\"true\" class=\"wp-block-cover__background has-black-background-color has-background-dim-30 has-background-dim\"><\/span><div class=\"wp-block-cover__inner-container is-layout-constrained wp-container-core-cover-is-layout-3076fc53 wp-block-cover-is-layout-constrained\">\n<div class=\"wp-block-columns are-vertically-aligned-center banner-main-columnn is-layout-flex wp-container-core-columns-is-layout-d7e65425 wp-block-columns-is-layout-flex\" style=\"padding-bottom:0px\">\n<div class=\"wp-block-column is-vertically-aligned-center man-image is-layout-flow wp-block-column-is-layout-flow\" style=\"flex-basis:25%\"><\/div>\n\n\n\n<div class=\"wp-block-column is-vertically-aligned-center banner-center-div has-custom-pantone-p-179-12-c-90-background-color has-background is-layout-flow wp-block-column-is-layout-flow\" style=\"border-top-right-radius:53px;padding-top:var(--wp--preset--spacing--70);padding-right:var(--wp--preset--spacing--60);padding-bottom:var(--wp--preset--spacing--70);padding-left:var(--wp--preset--spacing--60);flex-basis:70%\">\n<h2 class=\"wp-block-heading has-text-align-left wow fadeInUp banner-headd has-sansation-font-family\" style=\"font-size:55px;font-style:normal;font-weight:400;line-height:1.3\">\u00bfQui\u00e9nes Somos?<\/h2>\n\n\n\n<p class=\"has-text-align-left has-sansation-font-family has-small-font-size\">En LaDat, transformamos informaci\u00f3n en decisiones estrat\u00e9gicas.<br>Somos una empresa especializada en soluciones inteligentes de an\u00e1lisis de<br>datos, e-commerce y predicci\u00f3n estrat\u00e9gica, enfocada en impulsar el<br>crecimiento de nuestros clientes a trav\u00e9s de la tecnolog\u00eda y la visi\u00f3n basada en<br>datos.<\/p>\n\n\n\n<p class=\"has-text-align-left has-sansation-font-family has-small-font-size\"><br>Nacimos con el prop\u00f3sito de brindar herramientas que ayuden a las<br>organizaciones a comprender mejor su entorno, optimizar sus procesos y<br>anticiparse al cambio.<\/p>\n\n\n\n<p class=\"has-text-align-left has-sansation-font-family has-small-font-size\"><br><strong>Nuestra misi\u00f3n<\/strong> es ofrecer servicios de alto valor que combinen precisi\u00f3n<br>t\u00e9cnica, innovaci\u00f3n constante y atenci\u00f3n personalizada.<\/p>\n\n\n\n<p class=\"has-text-align-left has-sansation-font-family has-small-font-size\"><br><strong>Nuestra visi\u00f3n <\/strong>es convertirnos en un referente regional en inteligencia de datos<br>aplicada al desarrollo empresarial.<\/p>\n\n\n\n<p class=\"has-text-align-left has-sansation-font-family has-small-font-size\" style=\"line-height:2\"><br><strong>Nuestros valores:<br><\/strong>\u00a0\u00a0\u00a0<strong>Innovaci\u00f3n:<\/strong> Buscamos siempre nuevas formas de mejorar.<br>\u00a0\u00a0\u00a0<strong>Transparencia:<\/strong> Actuamos con claridad y honestidad.<br>\u00a0\u00a0\u00a0<strong>Compromiso: <\/strong>Nos involucramos en cada proyecto como si fuera propio.<br>\u00a0\u00a0\u00a0<strong>Calidad:<\/strong> Entregamos soluciones robustas, confiables y escalables.<\/p>\n\n\n\n<p class=\"has-text-align-center has-sansation-font-family\" style=\"margin-top:-30px;margin-bottom:0px;font-size:36px\"><br><strong><em>\u201cTransformamos datos en decisiones que<br>impulsan el futuro de tu negocio.\u201d<\/em><\/strong><\/p>\n\n\n\n<p class=\"has-text-align-center\"><\/p>\n<\/div>\n\n\n\n<div class=\"wp-block-column is-vertically-aligned-center is-layout-flow wp-block-column-is-layout-flow\" style=\"flex-basis:25%\"><\/div>\n<\/div>\n<\/div><\/div>\n","protected":false},"excerpt":{"rendered":"","protected":false},"author":1,"featured_media":0,"parent":0,"menu_order":0,"comment_status":"closed","ping_status":"closed","template":"","meta":{"_uag_custom_page_level_css":"","footnotes":""},"class_list":["post-81","page","type-page","status-publish","hentry"],"uagb_featured_image_src":{"full":false,"thumbnail":false,"medium":false,"medium_large":false,"large":false,"1536x1536":false,"2048x2048":false},"uagb_author_info":{"display_name":"ladat_admin","author_link":"https:\/\/ti-usr3-cp.cuc-carrera-ti.ac.cr\/losadan_tareatres\/author\/ladat_admin\/"},"uagb_comment_info":0,"uagb_excerpt":null,"_links":{"self":[{"href":"https:\/\/ti-usr3-cp.cuc-carrera-ti.ac.cr\/losadan_tareatres\/wp-json\/wp\/v2\/pages\/81","targetHints":{"allow":["GET"]}}],"collection":[{"href":"https:\/\/ti-usr3-cp.cuc-carrera-ti.ac.cr\/losadan_tareatres\/wp-json\/wp\/v2\/pages"}],"about":[{"href":"https:\/\/ti-usr3-cp.cuc-carrera-ti.ac.cr\/losadan_tareatres\/wp-json\/wp\/v2\/types\/page"}],"author":[{"embeddable":true,"href":"https:\/\/ti-usr3-cp.cuc-carrera-ti.ac.cr\/losadan_tareatres\/wp-json\/wp\/v2\/users\/1"}],"replies":[{"embeddable":true,"href":"https:\/\/ti-usr3-cp.cuc-carrera-ti.ac.cr\/losadan_tareatres\/wp-json\/wp\/v2\/comments?post=81"}],"version-history":[{"count":27,"href":"https:\/\/ti-usr3-cp.cuc-carrera-ti.ac.cr\/losadan_tareatres\/wp-json\/wp\/v2\/pages\/81\/revisions"}],"predecessor-version":[{"id":389,"href":"https:\/\/ti-usr3-cp.cuc-carrera-ti.ac.cr\/losadan_tareatres\/wp-json\/wp\/v2\/pages\/81\/revisions\/389"}],"wp:attachment":[{"href":"https:\/\/ti-usr3-cp.cuc-carrera-ti.ac.cr\/losadan_tareatres\/wp-json\/wp\/v2\/media?parent=81"}],"curies":[{"name":"wp","href":"https:\/\/api.w.org\/{rel}","templated":true}]}}