{"id":13,"date":"2026-03-13T23:48:47","date_gmt":"2026-03-13T23:48:47","guid":{"rendered":"https:\/\/ti-usr3-cp.cuc-carrera-ti.ac.cr\/desarrollosordenados\/?page_id=13"},"modified":"2026-03-17T10:37:23","modified_gmt":"2026-03-17T16:37:23","slug":"ayuda","status":"publish","type":"page","link":"https:\/\/ti-usr3-cp.cuc-carrera-ti.ac.cr\/desarrollosordenados\/ayuda\/","title":{"rendered":"Ayuda"},"content":{"rendered":"\n<h2 class=\"wp-block-heading has-text-align-center\">\u00bfEn qu\u00e9 podemos ayudarte?<\/h2>\n\n\n\n<div style=\"height:100px\" aria-hidden=\"true\" class=\"wp-block-spacer\"><\/div>\n\n\n<form role=\"search\" method=\"get\" action=\"https:\/\/ti-usr3-cp.cuc-carrera-ti.ac.cr\/desarrollosordenados\/\" class=\"wp-block-search__button-inside wp-block-search__icon-button wp-block-search\"    ><label class=\"wp-block-search__label screen-reader-text\" for=\"wp-block-search__input-1\" >Buscar<\/label><div class=\"wp-block-search__inside-wrapper\" ><input class=\"wp-block-search__input\" id=\"wp-block-search__input-1\" placeholder=\"Buscar\" value=\"\" type=\"search\" name=\"s\" required \/><button aria-label=\"Buscar\" class=\"wp-block-search__button has-icon wp-element-button\" type=\"submit\" ><svg class=\"search-icon\" viewBox=\"0 0 24 24\" width=\"24\" height=\"24\">\n\t\t\t\t\t<path d=\"M13 5c-3.3 0-6 2.7-6 6 0 1.4.5 2.7 1.3 3.7l-3.8 3.8 1.1 1.1 3.8-3.8c1 .8 2.3 1.3 3.7 1.3 3.3 0 6-2.7 6-6S16.3 5 13 5zm0 10.5c-2.5 0-4.5-2-4.5-4.5s2-4.5 4.5-4.5 4.5 2 4.5 4.5-2 4.5-4.5 4.5z\"><\/path>\n\t\t\t\t<\/svg><\/button><\/div><\/form>\n\n\n<div style=\"height:100px\" aria-hidden=\"true\" class=\"wp-block-spacer\"><\/div>\n\n\n\n<hr class=\"wp-block-separator has-alpha-channel-opacity is-style-wide\" style=\"margin-top:var(--wp--preset--spacing--30);margin-bottom:var(--wp--preset--spacing--30)\"\/>\n\n\n\n<h2 class=\"wp-block-heading has-text-align-center\">Preguntas Frecuentes<\/h2>\n\n\n<section id='helpie-faq-69e38ef2f39b8' \n                class='helpie-faq accordions faq-toggle' \n                data-collection='' \n                data-pagination='0' \n                data-search='0' \n                data-pagination-enabled='0'\n                role='region'\n                aria-label='FAQ Section'\n                aria-live='polite'><form class=\"search\" onSubmit=\"return false;\"><div class=\"search__wrapper\"><input type=\"text\" class=\"search__input\" aria-label=\"Search\" role=\"searchbox\" placeholder=\"Buscar\"><span class=\"search__icon\"><svg class=\"svg-icon--search\" role=\"img\" xmlns=\"http:\/\/www.w3.org\/2000\/svg\" viewBox=\"0 0 22 22\">\r\n                        <g fill=\"none\" stroke=\"#171717\">\r\n                            <path stroke-linecap=\"square\" stroke-width=\"2\" d=\"M18.5 18.3l-5.4-5.4\"\/>\r\n                            <circle cx=\"8\" cy=\"8\" r=\"7\" stroke-width=\"2\"\/>\r\n                        <\/g>\r\n                    <\/svg><\/span><\/div><div class=\"search__message\"><\/div><\/form><article class=\"accordion \"><div class='helpie-faq-row'><div class='helpie-faq-col helpie-faq-col-12' ><ul><li class=\"accordion__item \"><div class=\"accordion__header \" \r\n                id=\"accordion-header-post-75\"\r\n                role=\"button\"\r\n                aria-expanded=\"false\"\r\n                aria-controls=\"accordion-content-post-75\"\r\n                data-id=\"post-75\" \r\n                data-item=\"hfaq-post-75\" \r\n                style=\"background:transparent;\" \r\n                data-tags=\"\"\r\n                tabindex=\"0\"><div class=\"accordion__title\">\u00bfQu\u00e9 filtros puedo aplicar en los reportes de movimientos?<\/div><\/div><div id=\"accordion-content-post-75\" \r\n                class=\"accordion__body\" \r\n                role=\"region\"\r\n                aria-labelledby=\"accordion-header-post-75\"\r\n                style=\"background:transparent;\"><ul data-start=\"1754\" data-end=\"1980\">\r\n<li data-section-id=\"1a6pcrb\" data-start=\"1754\" data-end=\"1875\">\r\n<p data-start=\"1756\" data-end=\"1875\">Por <strong data-start=\"1760\" data-end=\"1771\">tercero o centro de costos<\/strong>, <strong data-start=\"1795\" data-end=\"1814\">rango de fechas<\/strong> o <strong data-start=\"1817\" data-end=\"1828\">periodo<\/strong>, y opcionalmente por <strong data-start=\"1850\" data-end=\"1872\">estado del asiento<\/strong>.<\/p>\r\n<\/li>\r\n<li data-section-id=\"9riv4x\" data-start=\"1879\" data-end=\"1980\">\r\n<p data-start=\"1881\" data-end=\"1980\">Los reportes muestran los movimientos correspondientes, un listado paginado y un total acumulado.<\/p>\r\n<\/li>\r\n<\/ul>\r\n\r\n<!-- wp:paragraph -->\r\n<p><\/p>\r\n<!-- \/wp:paragraph --><\/div><\/li><li class=\"accordion__item \"><div class=\"accordion__header \" \r\n                id=\"accordion-header-post-77\"\r\n                role=\"button\"\r\n                aria-expanded=\"false\"\r\n                aria-controls=\"accordion-content-post-77\"\r\n                data-id=\"post-77\" \r\n                data-item=\"hfaq-post-77\" \r\n                style=\"background:transparent;\" \r\n                data-tags=\"\"\r\n                tabindex=\"0\"><div class=\"accordion__title\">\u00bfC\u00f3mo se asignan centros de costos o terceros a un asiento?<\/div><\/div><div id=\"accordion-content-post-77\" \r\n                class=\"accordion__body\" \r\n                role=\"region\"\r\n                aria-labelledby=\"accordion-header-post-77\"\r\n                style=\"background:transparent;\"><ul>\r\n<li data-section-id=\"1w8qfur\" data-start=\"225\" data-end=\"355\">\r\n<p data-start=\"227\" data-end=\"355\">Para <strong data-start=\"232\" data-end=\"253\">centros de costos<\/strong>, se pueden asignar a las l\u00edneas de un asiento y <strong data-start=\"302\" data-end=\"331\">prorratear el monto total<\/strong> entre varios centros.<\/p>\r\n<\/li>\r\n<li data-section-id=\"7h7d5u\" data-start=\"356\" data-end=\"441\">\r\n<p data-start=\"358\" data-end=\"441\">Para <strong data-start=\"363\" data-end=\"375\">terceros<\/strong>, se asigna normalmente <strong data-start=\"399\" data-end=\"416\">uno por l\u00ednea<\/strong> y <strong data-start=\"419\" data-end=\"438\">no se prorratea<\/strong>.<\/p>\r\n<\/li>\r\n<li data-section-id=\"5ykq7\" data-start=\"442\" data-end=\"651\">\r\n<p data-start=\"444\" data-end=\"651\">En ambos casos, la asignaci\u00f3n solo es posible si el asiento est\u00e1 en estado <strong data-start=\"519\" data-end=\"531\">Borrador<\/strong> o <strong data-start=\"534\" data-end=\"558\">Pendiente de Aprobar<\/strong>, y la suma de los montos prorrateados (si aplica) debe coincidir con el monto de la l\u00ednea.<\/p>\r\n<\/li>\r\n<\/ul>\r\n\r\n<!-- wp:paragraph -->\r\n<p><\/p>\r\n<!-- \/wp:paragraph --><\/div><\/li><li class=\"accordion__item \"><div class=\"accordion__header \" \r\n                id=\"accordion-header-post-287\"\r\n                role=\"button\"\r\n                aria-expanded=\"false\"\r\n                aria-controls=\"accordion-content-post-287\"\r\n                data-id=\"post-287\" \r\n                data-item=\"hfaq-post-287\" \r\n                style=\"background:transparent;\" \r\n                data-tags=\"\"\r\n                tabindex=\"0\"><div class=\"accordion__title\">\u00bfC\u00f3mo se manejan las direcciones asociadas a un tercero?<\/div><\/div><div id=\"accordion-content-post-287\" \r\n                class=\"accordion__body\" \r\n                role=\"region\"\r\n                aria-labelledby=\"accordion-header-post-287\"\r\n                style=\"background:transparent;\"><!-- wp:list -->\n<ul class=\"wp-block-list\"><!-- wp:list-item -->\n<li>Se pueden registrar varias direcciones con alias\/nombre, ubicaci\u00f3n (provincia, cant\u00f3n, distrito), direcci\u00f3n exacta, estado y un indicador de direcci\u00f3n principal (solo una puede ser principal).<\/li>\n<!-- \/wp:list-item -->\n\n<!-- wp:list-item -->\n<li>Se permite listar, crear, editar y eliminar siguiendo las reglas de asignaci\u00f3n.<\/li>\n<!-- \/wp:list-item --><\/ul>\n<!-- \/wp:list -->\n\n<!-- wp:paragraph -->\n<p><\/p>\n<!-- \/wp:paragraph --><\/div><\/li><li class=\"accordion__item \"><div class=\"accordion__header \" \r\n                id=\"accordion-header-post-289\"\r\n                role=\"button\"\r\n                aria-expanded=\"false\"\r\n                aria-controls=\"accordion-content-post-289\"\r\n                data-id=\"post-289\" \r\n                data-item=\"hfaq-post-289\" \r\n                style=\"background:transparent;\" \r\n                data-tags=\"\"\r\n                tabindex=\"0\"><div class=\"accordion__title\">\u00bfC\u00f3mo se manejan los contactos asociados a un tercero?<\/div><\/div><div id=\"accordion-content-post-289\" \r\n                class=\"accordion__body\" \r\n                role=\"region\"\r\n                aria-labelledby=\"accordion-header-post-289\"\r\n                style=\"background:transparent;\"><!-- wp:list -->\n<ul class=\"wp-block-list\"><!-- wp:list-item -->\n<li>Cada contacto puede tener nombre, cargo\/rol, email, tel\u00e9fono, tipo de contacto y estado.<\/li>\n<!-- \/wp:list-item -->\n\n<!-- wp:list-item -->\n<li>Se pueden listar, crear, editar y eliminar respetando las restricciones de asignaci\u00f3n.<\/li>\n<!-- \/wp:list-item --><\/ul>\n<!-- \/wp:list -->\n\n<!-- wp:paragraph -->\n<p><\/p>\n<!-- \/wp:paragraph --><\/div><\/li><li class=\"accordion__item \"><div class=\"accordion__header \" \r\n                id=\"accordion-header-post-291\"\r\n                role=\"button\"\r\n                aria-expanded=\"false\"\r\n                aria-controls=\"accordion-content-post-291\"\r\n                data-id=\"post-291\" \r\n                data-item=\"hfaq-post-291\" \r\n                style=\"background:transparent;\" \r\n                data-tags=\"\"\r\n                tabindex=\"0\"><div class=\"accordion__title\">\u00bfC\u00f3mo se registran los asientos contables?<\/div><\/div><div id=\"accordion-content-post-291\" \r\n                class=\"accordion__body\" \r\n                role=\"region\"\r\n                aria-labelledby=\"accordion-header-post-291\"\r\n                style=\"background:transparent;\"><!-- wp:list -->\n<ul class=\"wp-block-list\"><!-- wp:list-item -->\n<li>Cada asiento tiene un encabezado (consecutivo, fecha, c\u00f3digo y referencia) y un detalle con l\u00edneas que incluyen cuenta, tipo de movimiento (d\u00e9bito\/cr\u00e9dito), monto y descripci\u00f3n.<\/li>\n<!-- \/wp:list-item -->\n\n<!-- wp:list-item -->\n<li>La sumatoria de movimientos se muestra y alerta si el asiento no est\u00e1 balanceado.<\/li>\n<!-- \/wp:list-item --><\/ul>\n<!-- \/wp:list -->\n\n<!-- wp:paragraph -->\n<p><\/p>\n<!-- \/wp:paragraph --><\/div><\/li><li class=\"accordion__item \"><div class=\"accordion__header \" \r\n                id=\"accordion-header-post-293\"\r\n                role=\"button\"\r\n                aria-expanded=\"false\"\r\n                aria-controls=\"accordion-content-post-293\"\r\n                data-id=\"post-293\" \r\n                data-item=\"hfaq-post-293\" \r\n                style=\"background:transparent;\" \r\n                data-tags=\"\"\r\n                tabindex=\"0\"><div class=\"accordion__title\">\u00bfC\u00f3mo se administran los periodos contables?<\/div><\/div><div id=\"accordion-content-post-293\" \r\n                class=\"accordion__body\" \r\n                role=\"region\"\r\n                aria-labelledby=\"accordion-header-post-293\"\r\n                style=\"background:transparent;\"><!-- wp:list -->\n<ul class=\"wp-block-list\"><!-- wp:list-item -->\n<li>Se puede crear, editar, cerrar o reabrir periodos indicando a\u00f1o, mes, estado (Abierto\/Cerrado) y usuario de cierre.<\/li>\n<!-- \/wp:list-item -->\n\n<!-- wp:list-item -->\n<li>Varios periodos consecutivos pueden estar abiertos, pero solo el m\u00e1s reciente debe estar activo.<\/li>\n<!-- \/wp:list-item -->\n\n<!-- wp:list-item -->\n<li>Cerrar o reabrir un periodo puede afectar autom\u00e1ticamente los periodos anteriores o posteriores.<\/li>\n<!-- \/wp:list-item --><\/ul>\n<!-- \/wp:list -->\n\n<!-- wp:paragraph -->\n<p><\/p>\n<!-- \/wp:paragraph --><\/div><\/li><li class=\"accordion__item \"><div class=\"accordion__header \" \r\n                id=\"accordion-header-post-295\"\r\n                role=\"button\"\r\n                aria-expanded=\"false\"\r\n                aria-controls=\"accordion-content-post-295\"\r\n                data-id=\"post-295\" \r\n                data-item=\"hfaq-post-295\" \r\n                style=\"background:transparent;\" \r\n                data-tags=\"\"\r\n                tabindex=\"0\"><div class=\"accordion__title\">\u00bfQu\u00e9 validaciones existen al registrar un asiento?<\/div><\/div><div id=\"accordion-content-post-295\" \r\n                class=\"accordion__body\" \r\n                role=\"region\"\r\n                aria-labelledby=\"accordion-header-post-295\"\r\n                style=\"background:transparent;\"><!-- wp:list -->\n<ul class=\"wp-block-list\"><!-- wp:list-item -->\n<li>Mientras el asiento no est\u00e9 balanceado, se mantiene en estado Borrador.<\/li>\n<!-- \/wp:list-item -->\n\n<!-- wp:list-item -->\n<li>Una vez balanceado, pasa a Pendiente de Aprobaci\u00f3n autom\u00e1ticamente.<\/li>\n<!-- \/wp:list-item -->\n\n<!-- wp:list-item -->\n<li>Los asientos siempre se muestran del periodo contable activo actual, aunque se puede filtrar por otro periodo.<\/li>\n<!-- \/wp:list-item --><\/ul>\n<!-- \/wp:list -->\n\n<!-- wp:paragraph -->\n<p><\/p>\n<!-- \/wp:paragraph --><\/div><\/li><li class=\"accordion__item \"><div class=\"accordion__header \" \r\n                id=\"accordion-header-post-297\"\r\n                role=\"button\"\r\n                aria-expanded=\"false\"\r\n                aria-controls=\"accordion-content-post-297\"\r\n                data-id=\"post-297\" \r\n                data-item=\"hfaq-post-297\" \r\n                style=\"background:transparent;\" \r\n                data-tags=\"\"\r\n                tabindex=\"0\"><div class=\"accordion__title\">\u00bfQu\u00e9 tipos de cuentas contables existen y c\u00f3mo se usan?<\/div><\/div><div id=\"accordion-content-post-297\" \r\n                class=\"accordion__body\" \r\n                role=\"region\"\r\n                aria-labelledby=\"accordion-header-post-297\"\r\n                style=\"background:transparent;\"><!-- wp:list -->\n<ul class=\"wp-block-list\"><!-- wp:list-item -->\n<li>Tipos: <strong>Activo, Pasivo, Capital, Gasto e Ingreso<\/strong>. Cada tipo determina c\u00f3mo se registran los movimientos y afecta los saldos contables.<\/li>\n<!-- \/wp:list-item --><\/ul>\n<!-- \/wp:list -->\n\n<!-- wp:paragraph -->\n<p><\/p>\n<!-- \/wp:paragraph --><\/div><\/li><\/ul><\/div><\/div><\/article><\/section>\n\n\n<hr class=\"wp-block-separator has-alpha-channel-opacity is-style-wide\" style=\"margin-top:var(--wp--preset--spacing--30);margin-bottom:var(--wp--preset--spacing--30)\"\/>\n\n\n\n<h2 class=\"wp-block-heading has-text-align-center\">Acceso a M\u00f3dulos del Sistema<\/h2>\n\n\n\n<div style=\"height:99px\" aria-hidden=\"true\" class=\"wp-block-spacer\"><\/div>\n\n\n\n<p>Seleccione el m\u00f3dulo al que desea acceder. Cada sistema est\u00e1 dise\u00f1ado para facilitar la gesti\u00f3n y el control de los procesos administrativos y contables.<\/p>\n\n\n\n<ul class=\"wp-block-list\">\n<li><a href=\"https:\/\/tiusr10pl.cuc-carrera-ti.ac.cr\/SistemaContable\" data-type=\"link\" data-id=\"https:\/\/tiusr10pl.cuc-carrera-ti.ac.cr\/SistemaContable\">Sistema Contable<\/a><\/li>\n<\/ul>\n\n\n\n<ul class=\"wp-block-list\">\n<li><a href=\"http:\/\/127.0.0.1:8000\/login\" data-type=\"link\" data-id=\"http:\/\/127.0.0.1:8000\/login\">Sistema Auxiliar<\/a><\/li>\n<\/ul>\n\n\n\n<hr class=\"wp-block-separator has-alpha-channel-opacity is-style-wide\" style=\"margin-top:var(--wp--preset--spacing--30);margin-bottom:var(--wp--preset--spacing--30)\"\/>\n\n\n\n<h2 class=\"wp-block-heading has-text-align-center\">Cont\u00e1ctanos<\/h2>\n\n\n\n<div class=\"forminator-guttenberg\"><div class=\"forminator-ui forminator-custom-form forminator-custom-form-92 forminator-design--material  forminator_ajax\" data-forminator-render=\"0\" data-form=\"forminator-module-92\" data-uid=\"69e38ef305f83\"><br\/><\/div><form\n\t\t\t\tid=\"forminator-module-92\"\n\t\t\t\tclass=\"forminator-ui forminator-custom-form forminator-custom-form-92 forminator-design--material  forminator_ajax\"\n\t\t\t\tmethod=\"post\"\n\t\t\t\tdata-forminator-render=\"0\"\n\t\t\t\tdata-form-id=\"92\"\n\t\t\t\t data-color-option=\"theme\" data-design=\"material\" data-grid=\"open\" style=\"display: none;\"\n\t\t\t\tdata-uid=\"69e38ef305f83\"\n\t\t\t><div role=\"alert\" aria-live=\"polite\" class=\"forminator-response-message forminator-error\" aria-hidden=\"true\"><\/div><div class=\"forminator-row\"><div id=\"name-1\" class=\"forminator-field-name forminator-col forminator-col-12 \"><div class=\"forminator-field\"><label for=\"forminator-field-name-1_69e38ef305f83\" id=\"forminator-field-name-1_69e38ef305f83-label\" class=\"forminator-label\">Nombre <span class=\"forminator-required\">*<\/span><\/label><input type=\"text\" name=\"name-1\" value=\"\" placeholder=\"\" id=\"forminator-field-name-1_69e38ef305f83\" class=\"forminator-input forminator-name--field\" aria-required=\"true\" autocomplete=\"name\" \/><\/div><\/div><\/div><div class=\"forminator-row\"><div id=\"email-1\" class=\"forminator-field-email forminator-col forminator-col-12 \"><div class=\"forminator-field\"><label for=\"forminator-field-email-1_69e38ef305f83\" id=\"forminator-field-email-1_69e38ef305f83-label\" class=\"forminator-label\">Correo electr\u00f3nico <span class=\"forminator-required\">*<\/span><\/label><input type=\"email\" name=\"email-1\" value=\"\" placeholder=\"\" id=\"forminator-field-email-1_69e38ef305f83\" class=\"forminator-input forminator-email--field\" data-required=\"true\" aria-required=\"true\" autocomplete=\"email\" \/><\/div><\/div><\/div><div class=\"forminator-row\"><div id=\"text-1\" class=\"forminator-field-text forminator-col forminator-col-12 \"><div class=\"forminator-field\"><label for=\"forminator-field-text-1_69e38ef305f83\" id=\"forminator-field-text-1_69e38ef305f83-label\" class=\"forminator-label\">Asunto<\/label><input type=\"text\" name=\"text-1\" value=\"\" placeholder=\"\" id=\"forminator-field-text-1_69e38ef305f83\" class=\"forminator-input forminator-name--field\" data-required=\"\" \/><\/div><\/div><\/div><div class=\"forminator-row\"><div id=\"textarea-1\" class=\"forminator-field-textarea forminator-col forminator-col-12 \"><div class=\"forminator-field\"><label for=\"forminator-field-textarea-1_69e38ef305f83\" id=\"forminator-field-textarea-1_69e38ef305f83-label\" class=\"forminator-label\">Mensaje<\/label><span id=\"forminator-field-textarea-1_69e38ef305f83-description\" class=\"forminator-description\"><span data-limit=\"180\" data-type=\"characters\" data-editor=\"\">0 \/ 180<\/span><\/span><textarea name=\"textarea-1\" placeholder=\"\" id=\"forminator-field-textarea-1_69e38ef305f83\" class=\"forminator-textarea\" rows=\"6\" style=\"min-height:140px;\" maxlength=\"180\" ><\/textarea><\/div><\/div><\/div><input type=\"hidden\" name=\"referer_url\" value=\"\" \/><div class=\"forminator-row forminator-row-last\"><div class=\"forminator-col\"><div class=\"forminator-field\"><button class=\"forminator-button forminator-button-submit\"><span>Enviar<\/span><span aria-hidden=\"true\"><\/span><\/button><\/div><\/div><\/div><input type=\"hidden\" id=\"forminator_nonce\" name=\"forminator_nonce\" value=\"865c3bbb09\" \/><input type=\"hidden\" name=\"_wp_http_referer\" value=\"\/desarrollosordenados\/wp-json\/wp\/v2\/pages\/13\" \/><input type=\"hidden\" name=\"form_id\" value=\"92\"><input type=\"hidden\" name=\"page_id\" value=\"13\"><input type=\"hidden\" name=\"form_type\" value=\"default\"><input type=\"hidden\" name=\"current_url\" value=\"https:\/\/ti-usr3-cp.cuc-carrera-ti.ac.cr\/desarrollosordenados\/ayuda\/\"><input type=\"hidden\" name=\"render_id\" value=\"0\"><input type=\"hidden\" name=\"action\" value=\"forminator_submit_form_custom-forms\"><\/form><\/div>\n\n\n\n<p><\/p>\n","protected":false},"excerpt":{"rendered":"<p>\u00bfEn qu\u00e9 podemos ayudarte? Preguntas Frecuentes Acceso a M\u00f3dulos del Sistema Seleccione el m\u00f3dulo al que desea acceder. Cada sistema est\u00e1 dise\u00f1ado para facilitar la gesti\u00f3n y el control de los procesos administrativos y contables. Cont\u00e1ctanos<\/p>\n","protected":false},"author":1,"featured_media":0,"parent":0,"menu_order":0,"comment_status":"closed","ping_status":"closed","template":"","meta":{"footnotes":""},"class_list":["post-13","page","type-page","status-publish","hentry"],"_links":{"self":[{"href":"https:\/\/ti-usr3-cp.cuc-carrera-ti.ac.cr\/desarrollosordenados\/wp-json\/wp\/v2\/pages\/13","targetHints":{"allow":["GET"]}}],"collection":[{"href":"https:\/\/ti-usr3-cp.cuc-carrera-ti.ac.cr\/desarrollosordenados\/wp-json\/wp\/v2\/pages"}],"about":[{"href":"https:\/\/ti-usr3-cp.cuc-carrera-ti.ac.cr\/desarrollosordenados\/wp-json\/wp\/v2\/types\/page"}],"author":[{"embeddable":true,"href":"https:\/\/ti-usr3-cp.cuc-carrera-ti.ac.cr\/desarrollosordenados\/wp-json\/wp\/v2\/users\/1"}],"replies":[{"embeddable":true,"href":"https:\/\/ti-usr3-cp.cuc-carrera-ti.ac.cr\/desarrollosordenados\/wp-json\/wp\/v2\/comments?post=13"}],"version-history":[{"count":49,"href":"https:\/\/ti-usr3-cp.cuc-carrera-ti.ac.cr\/desarrollosordenados\/wp-json\/wp\/v2\/pages\/13\/revisions"}],"predecessor-version":[{"id":438,"href":"https:\/\/ti-usr3-cp.cuc-carrera-ti.ac.cr\/desarrollosordenados\/wp-json\/wp\/v2\/pages\/13\/revisions\/438"}],"wp:attachment":[{"href":"https:\/\/ti-usr3-cp.cuc-carrera-ti.ac.cr\/desarrollosordenados\/wp-json\/wp\/v2\/media?parent=13"}],"curies":[{"name":"wp","href":"https:\/\/api.w.org\/{rel}","templated":true}]}}