{"id":308,"date":"2025-03-05T17:28:10","date_gmt":"2025-03-05T17:28:10","guid":{"rendered":"https:\/\/ti-usr3-cp.cuc-carrera-ti.ac.cr\/WordPressBumbble\/wordpress\/home\/"},"modified":"2025-03-23T18:45:02","modified_gmt":"2025-03-23T18:45:02","slug":"home","status":"publish","type":"page","link":"https:\/\/ti-usr3-cp.cuc-carrera-ti.ac.cr\/WordPressBumbble\/wordpress\/","title":{"rendered":"Home"},"content":{"rendered":"\t\t<div data-elementor-type=\"wp-page\" data-elementor-id=\"308\" class=\"elementor elementor-308\">\n\t\t\t\t<div class=\"elementor-element elementor-element-d4ffd3e e-flex e-con-boxed e-con e-parent\" data-id=\"d4ffd3e\" data-element_type=\"container\" data-settings=\"{&quot;background_background&quot;:&quot;classic&quot;}\">\n\t\t\t\t\t<div class=\"e-con-inner\">\n\t\t<div class=\"elementor-element elementor-element-ea27d59 e-con-full e-flex e-con e-child\" data-id=\"ea27d59\" data-element_type=\"container\">\n\t\t\t\t<div class=\"elementor-element elementor-element-d6211bd elementor-widget elementor-widget-heading\" data-id=\"d6211bd\" data-element_type=\"widget\" data-widget_type=\"heading.default\">\n\t\t\t\t<div class=\"elementor-widget-container\">\n\t\t\t\t\t<h3 class=\"elementor-heading-title elementor-size-default\">Tu Bienestar, Nuestra Prioridad<\/h3>\t\t\t\t<\/div>\n\t\t\t\t<\/div>\n\t\t\t\t<div class=\"elementor-element elementor-element-949f175 elementor-widget elementor-widget-heading\" data-id=\"949f175\" data-element_type=\"widget\" data-widget_type=\"heading.default\">\n\t\t\t\t<div class=\"elementor-widget-container\">\n\t\t\t\t\t<h1 class=\"elementor-heading-title elementor-size-default\">Excelencia en Atenci\u00f3n M\u00e9dica<\/h1>\t\t\t\t<\/div>\n\t\t\t\t<\/div>\n\t\t\t\t<\/div>\n\t\t\t\t\t<\/div>\n\t\t\t\t<\/div>\n\t\t<div class=\"elementor-element elementor-element-d45c306 e-flex e-con-boxed e-con e-parent\" data-id=\"d45c306\" data-element_type=\"container\" data-settings=\"{&quot;background_background&quot;:&quot;classic&quot;}\">\n\t\t\t\t\t<div class=\"e-con-inner\">\n\t\t<div class=\"elementor-element elementor-element-b81be35 e-con-full e-flex e-con e-child\" data-id=\"b81be35\" data-element_type=\"container\" data-settings=\"{&quot;background_background&quot;:&quot;classic&quot;}\">\n\t\t\t\t<div class=\"elementor-element elementor-element-4700a06 elementor-widget elementor-widget-heading\" data-id=\"4700a06\" data-element_type=\"widget\" data-widget_type=\"heading.default\">\n\t\t\t\t<div class=\"elementor-widget-container\">\n\t\t\t\t\t<h2 class=\"elementor-heading-title elementor-size-default\">Qui\u00e9nes somos<\/h2>\t\t\t\t<\/div>\n\t\t\t\t<\/div>\n\t\t\t\t<div class=\"elementor-element elementor-element-b28a1e7 elementor-widget elementor-widget-text-editor\" data-id=\"b28a1e7\" data-element_type=\"widget\" data-widget_type=\"text-editor.default\">\n\t\t\t\t<div class=\"elementor-widget-container\">\n\t\t\t\t\t\t\t\t\t<p>Bienvenidos a XYZ, una empresa l\u00edder en el campo de los servicios m\u00e9dicos, comprometida con la atenci\u00f3n de calidad y el bienestar de nuestros pacientes. Con una pasi\u00f3n por la excelencia y un equipo de profesionales altamente capacitados, nos enorgullece brindar servicios m\u00e9dicos integrales y personalizados para satisfacer las necesidades de nuestra comunidad.<\/p>\t\t\t\t\t\t\t\t<\/div>\n\t\t\t\t<\/div>\n\t\t\t\t<\/div>\n\t\t<div class=\"elementor-element elementor-element-5b546eb e-con-full e-flex e-con e-child\" data-id=\"5b546eb\" data-element_type=\"container\">\n\t\t<div class=\"elementor-element elementor-element-ea223f5 e-con-full e-flex e-con e-child\" data-id=\"ea223f5\" data-element_type=\"container\">\n\t\t\t\t<div class=\"elementor-element elementor-element-317fa2b elementor-widget elementor-widget-text-editor\" data-id=\"317fa2b\" data-element_type=\"widget\" data-widget_type=\"text-editor.default\">\n\t\t\t\t<div class=\"elementor-widget-container\">\n\t\t\t\t\t\t\t\t\t<p>En XYZ, creemos que todos merecen tener acceso a la atenci\u00f3n m\u00e9dica de calidad. Nuestra misi\u00f3n es proporcionar servicios m\u00e9dicos excepcionales, promover la salud y el bienestar, y marcar una diferencia positiva en la vida de nuestros pacientes.<\/p>\t\t\t\t\t\t\t\t<\/div>\n\t\t\t\t<\/div>\n\t\t\t\t<\/div>\n\t\t\t\t<\/div>\n\t\t\t\t\t<\/div>\n\t\t\t\t<\/div>\n\t\t<div class=\"elementor-element elementor-element-856b608 e-flex e-con-boxed e-con e-parent\" data-id=\"856b608\" data-element_type=\"container\">\n\t\t\t\t\t<div class=\"e-con-inner\">\n\t\t<div class=\"elementor-element elementor-element-3a7074a e-con-full e-flex e-con e-child\" data-id=\"3a7074a\" data-element_type=\"container\" data-settings=\"{&quot;background_background&quot;:&quot;classic&quot;}\">\n\t\t<div class=\"elementor-element elementor-element-1f2e6cf e-con-full e-flex e-con e-child\" data-id=\"1f2e6cf\" data-element_type=\"container\">\n\t\t\t\t<div class=\"elementor-element elementor-element-275abb1 elementor-widget elementor-widget-image\" data-id=\"275abb1\" data-element_type=\"widget\" data-widget_type=\"image.default\">\n\t\t\t\t<div class=\"elementor-widget-container\">\n\t\t\t\t\t\t\t\t\t\t\t\t\t\t\t<img fetchpriority=\"high\" decoding=\"async\" width=\"1024\" height=\"683\" src=\"https:\/\/ti-usr3-cp.cuc-carrera-ti.ac.cr\/WordPressBumbble\/wordpress\/wp-content\/uploads\/2025\/03\/premium_photo-1682145291930-43b73e27446e-1-1024x683.jpeg\" class=\"attachment-large size-large wp-image-1305\" alt=\"\" srcset=\"https:\/\/ti-usr3-cp.cuc-carrera-ti.ac.cr\/WordPressBumbble\/wordpress\/wp-content\/uploads\/2025\/03\/premium_photo-1682145291930-43b73e27446e-1-1024x683.jpeg 1024w, https:\/\/ti-usr3-cp.cuc-carrera-ti.ac.cr\/WordPressBumbble\/wordpress\/wp-content\/uploads\/2025\/03\/premium_photo-1682145291930-43b73e27446e-1-300x200.jpeg 300w, https:\/\/ti-usr3-cp.cuc-carrera-ti.ac.cr\/WordPressBumbble\/wordpress\/wp-content\/uploads\/2025\/03\/premium_photo-1682145291930-43b73e27446e-1-768x512.jpeg 768w, https:\/\/ti-usr3-cp.cuc-carrera-ti.ac.cr\/WordPressBumbble\/wordpress\/wp-content\/uploads\/2025\/03\/premium_photo-1682145291930-43b73e27446e-1-1536x1024.jpeg 1536w, https:\/\/ti-usr3-cp.cuc-carrera-ti.ac.cr\/WordPressBumbble\/wordpress\/wp-content\/uploads\/2025\/03\/premium_photo-1682145291930-43b73e27446e-1-2048x1365.jpeg 2048w\" sizes=\"(max-width: 1024px) 100vw, 1024px\" \/>\t\t\t\t\t\t\t\t\t\t\t\t\t\t\t<\/div>\n\t\t\t\t<\/div>\n\t\t\t\t<\/div>\n\t\t<div class=\"elementor-element elementor-element-fdd4262 e-con-full e-flex e-con e-child\" data-id=\"fdd4262\" data-element_type=\"container\">\n\t\t\t\t<div class=\"elementor-element elementor-element-d527a46 elementor-widget elementor-widget-image\" data-id=\"d527a46\" data-element_type=\"widget\" data-widget_type=\"image.default\">\n\t\t\t\t<div class=\"elementor-widget-container\">\n\t\t\t\t\t\t\t\t\t\t\t\t\t\t\t<img decoding=\"async\" width=\"1024\" height=\"684\" src=\"https:\/\/ti-usr3-cp.cuc-carrera-ti.ac.cr\/WordPressBumbble\/wordpress\/wp-content\/uploads\/2025\/03\/nt_mejores_clinicas_bn-1024x684.jpg\" class=\"attachment-large size-large wp-image-1306\" alt=\"\" srcset=\"https:\/\/ti-usr3-cp.cuc-carrera-ti.ac.cr\/WordPressBumbble\/wordpress\/wp-content\/uploads\/2025\/03\/nt_mejores_clinicas_bn-1024x684.jpg 1024w, https:\/\/ti-usr3-cp.cuc-carrera-ti.ac.cr\/WordPressBumbble\/wordpress\/wp-content\/uploads\/2025\/03\/nt_mejores_clinicas_bn-300x200.jpg 300w, https:\/\/ti-usr3-cp.cuc-carrera-ti.ac.cr\/WordPressBumbble\/wordpress\/wp-content\/uploads\/2025\/03\/nt_mejores_clinicas_bn-768x513.jpg 768w, https:\/\/ti-usr3-cp.cuc-carrera-ti.ac.cr\/WordPressBumbble\/wordpress\/wp-content\/uploads\/2025\/03\/nt_mejores_clinicas_bn-1536x1025.jpg 1536w, https:\/\/ti-usr3-cp.cuc-carrera-ti.ac.cr\/WordPressBumbble\/wordpress\/wp-content\/uploads\/2025\/03\/nt_mejores_clinicas_bn.jpg 1600w\" sizes=\"(max-width: 1024px) 100vw, 1024px\" \/>\t\t\t\t\t\t\t\t\t\t\t\t\t\t\t<\/div>\n\t\t\t\t<\/div>\n\t\t\t\t<\/div>\n\t\t<div class=\"elementor-element elementor-element-2678310 e-con-full e-flex e-con e-child\" data-id=\"2678310\" data-element_type=\"container\">\n\t\t\t\t<div class=\"elementor-element elementor-element-a048d94 elementor-widget elementor-widget-image\" data-id=\"a048d94\" data-element_type=\"widget\" data-widget_type=\"image.default\">\n\t\t\t\t<div class=\"elementor-widget-container\">\n\t\t\t\t\t\t\t\t\t\t\t\t\t\t\t<img decoding=\"async\" width=\"1024\" height=\"684\" src=\"https:\/\/ti-usr3-cp.cuc-carrera-ti.ac.cr\/WordPressBumbble\/wordpress\/wp-content\/uploads\/2025\/03\/photo-1629909613654-28e377c37b09-1024x684.jpeg\" class=\"attachment-large size-large wp-image-1309\" alt=\"\" srcset=\"https:\/\/ti-usr3-cp.cuc-carrera-ti.ac.cr\/WordPressBumbble\/wordpress\/wp-content\/uploads\/2025\/03\/photo-1629909613654-28e377c37b09-1024x684.jpeg 1024w, https:\/\/ti-usr3-cp.cuc-carrera-ti.ac.cr\/WordPressBumbble\/wordpress\/wp-content\/uploads\/2025\/03\/photo-1629909613654-28e377c37b09-300x201.jpeg 300w, https:\/\/ti-usr3-cp.cuc-carrera-ti.ac.cr\/WordPressBumbble\/wordpress\/wp-content\/uploads\/2025\/03\/photo-1629909613654-28e377c37b09-768x513.jpeg 768w, https:\/\/ti-usr3-cp.cuc-carrera-ti.ac.cr\/WordPressBumbble\/wordpress\/wp-content\/uploads\/2025\/03\/photo-1629909613654-28e377c37b09-1536x1027.jpeg 1536w, https:\/\/ti-usr3-cp.cuc-carrera-ti.ac.cr\/WordPressBumbble\/wordpress\/wp-content\/uploads\/2025\/03\/photo-1629909613654-28e377c37b09-2048x1369.jpeg 2048w\" sizes=\"(max-width: 1024px) 100vw, 1024px\" \/>\t\t\t\t\t\t\t\t\t\t\t\t\t\t\t<\/div>\n\t\t\t\t<\/div>\n\t\t\t\t<\/div>\n\t\t\t\t<\/div>\n\t\t\t\t\t<\/div>\n\t\t\t\t<\/div>\n\t\t<div class=\"elementor-element elementor-element-b23578b e-flex e-con-boxed e-con e-parent\" data-id=\"b23578b\" data-element_type=\"container\" data-settings=\"{&quot;background_background&quot;:&quot;classic&quot;}\">\n\t\t\t\t\t<div class=\"e-con-inner\">\n\t\t<div class=\"elementor-element elementor-element-096db6e e-con-full e-flex e-con e-child\" data-id=\"096db6e\" data-element_type=\"container\">\n\t\t\t\t<div class=\"elementor-element elementor-element-dd54f6b elementor-widget elementor-widget-heading\" data-id=\"dd54f6b\" data-element_type=\"widget\" data-widget_type=\"heading.default\">\n\t\t\t\t<div class=\"elementor-widget-container\">\n\t\t\t\t\t<h2 class=\"elementor-heading-title elementor-size-default\">Investigaci\u00f3n y desarrollo:<\/h2>\t\t\t\t<\/div>\n\t\t\t\t<\/div>\n\t\t\t\t<\/div>\n\t\t<div class=\"elementor-element elementor-element-cb84393 e-con-full e-flex e-con e-child\" data-id=\"cb84393\" data-element_type=\"container\">\n\t\t\t\t<div class=\"elementor-element elementor-element-a07920b elementor-widget elementor-widget-text-editor\" data-id=\"a07920b\" data-element_type=\"widget\" data-widget_type=\"text-editor.default\">\n\t\t\t\t<div class=\"elementor-widget-container\">\n\t\t\t\t\t\t\t\t\t<p>En nuestro af\u00e1n por avanzar en la medicina y mejorar continuamente la \natenci\u00f3n m\u00e9dica, invertimos en investigaci\u00f3n y desarrollo. Colaboramos con \ninstituciones acad\u00e9micas y participamos en estudios cl\u00ednicos para \nmantenernos a la vanguardia de los avances m\u00e9dicos. Buscamos \nconstantemente nuevas formas de mejorar la eficacia de nuestros \ntratamientos y servicios para el beneficio de nuestros pacientes.<\/p>\t\t\t\t\t\t\t\t<\/div>\n\t\t\t\t<\/div>\n\t\t\t\t<\/div>\n\t\t\t\t\t<\/div>\n\t\t\t\t<\/div>\n\t\t<div class=\"elementor-element elementor-element-c311d28 e-flex e-con-boxed e-con e-parent\" data-id=\"c311d28\" data-element_type=\"container\" data-settings=\"{&quot;background_background&quot;:&quot;gradient&quot;}\">\n\t\t\t\t\t<div class=\"e-con-inner\">\n\t\t<div class=\"elementor-element elementor-element-9109d39 e-con-full e-flex e-con e-child\" data-id=\"9109d39\" data-element_type=\"container\">\n\t\t<div class=\"elementor-element elementor-element-80ac6da e-con-full e-flex e-con e-child\" data-id=\"80ac6da\" data-element_type=\"container\">\n\t\t<div class=\"elementor-element elementor-element-faf2b5d e-con-full e-flex e-con e-child\" data-id=\"faf2b5d\" data-element_type=\"container\" data-settings=\"{&quot;background_background&quot;:&quot;classic&quot;}\">\n\t\t\t\t<\/div>\n\t\t<div class=\"elementor-element elementor-element-85bab5d e-con-full e-flex e-con e-child\" data-id=\"85bab5d\" data-element_type=\"container\" data-settings=\"{&quot;background_background&quot;:&quot;classic&quot;}\">\n\t\t\t\t<\/div>\n\t\t<div class=\"elementor-element elementor-element-2ae8c3c e-con-full e-flex e-con e-child\" data-id=\"2ae8c3c\" data-element_type=\"container\" data-settings=\"{&quot;background_background&quot;:&quot;classic&quot;}\">\n\t\t\t\t<\/div>\n\t\t\t\t<\/div>\n\t\t\t\t<\/div>\n\t\t\t\t\t<\/div>\n\t\t\t\t<\/div>\n\t\t\t\t<\/div>\n\t\t","protected":false},"excerpt":{"rendered":"<p>Tu Bienestar, Nuestra Prioridad Excelencia en Atenci\u00f3n M\u00e9dica Qui\u00e9nes somos Bienvenidos a XYZ, una empresa l\u00edder en el campo de los servicios m\u00e9dicos, comprometida con la atenci\u00f3n de calidad y el bienestar de nuestros pacientes. Con una pasi\u00f3n por la excelencia y un equipo de profesionales altamente capacitados, nos enorgullece brindar servicios m\u00e9dicos integrales y [&hellip;]<\/p>\n","protected":false},"author":1,"featured_media":0,"parent":0,"menu_order":0,"comment_status":"closed","ping_status":"closed","template":"","meta":{"site-sidebar-layout":"no-sidebar","site-content-layout":"page-builder","ast-site-content-layout":"","site-content-style":"default","site-sidebar-style":"default","ast-global-header-display":"","ast-banner-title-visibility":"","ast-main-header-display":"","ast-hfb-above-header-display":"","ast-hfb-below-header-display":"","ast-hfb-mobile-header-display":"","site-post-title":"disabled","ast-breadcrumbs-content":"disabled","ast-featured-img":"disabled","footer-sml-layout":"","theme-transparent-header-meta":"enabled","adv-header-id-meta":"","stick-header-meta":"","header-above-stick-meta":"","header-main-stick-meta":"","header-below-stick-meta":"","astra-migrate-meta-layouts":"default","ast-page-background-enabled":"default","ast-page-background-meta":{"desktop":{"background-color":"var(--ast-global-color-4)","background-image":"","background-repeat":"repeat","background-position":"center center","background-size":"auto","background-attachment":"scroll","background-type":"","background-media":"","overlay-type":"","overlay-color":"","overlay-opacity":"","overlay-gradient":""},"tablet":{"background-color":"","background-image":"","background-repeat":"repeat","background-position":"center center","background-size":"auto","background-attachment":"scroll","background-type":"","background-media":"","overlay-type":"","overlay-color":"","overlay-opacity":"","overlay-gradient":""},"mobile":{"background-color":"","background-image":"","background-repeat":"repeat","background-position":"center center","background-size":"auto","background-attachment":"scroll","background-type":"","background-media":"","overlay-type":"","overlay-color":"","overlay-opacity":"","overlay-gradient":""}},"ast-content-background-meta":{"desktop":{"background-color":"var(--ast-global-color-5)","background-image":"","background-repeat":"repeat","background-position":"center center","background-size":"auto","background-attachment":"scroll","background-type":"","background-media":"","overlay-type":"","overlay-color":"","overlay-opacity":"","overlay-gradient":""},"tablet":{"background-color":"var(--ast-global-color-5)","background-image":"","background-repeat":"repeat","background-position":"center center","background-size":"auto","background-attachment":"scroll","background-type":"","background-media":"","overlay-type":"","overlay-color":"","overlay-opacity":"","overlay-gradient":""},"mobile":{"background-color":"var(--ast-global-color-5)","background-image":"","background-repeat":"repeat","background-position":"center center","background-size":"auto","background-attachment":"scroll","background-type":"","background-media":"","overlay-type":"","overlay-color":"","overlay-opacity":"","overlay-gradient":""}},"footnotes":""},"class_list":["post-308","page","type-page","status-publish","hentry"],"_links":{"self":[{"href":"https:\/\/ti-usr3-cp.cuc-carrera-ti.ac.cr\/WordPressBumbble\/wordpress\/wp-json\/wp\/v2\/pages\/308","targetHints":{"allow":["GET"]}}],"collection":[{"href":"https:\/\/ti-usr3-cp.cuc-carrera-ti.ac.cr\/WordPressBumbble\/wordpress\/wp-json\/wp\/v2\/pages"}],"about":[{"href":"https:\/\/ti-usr3-cp.cuc-carrera-ti.ac.cr\/WordPressBumbble\/wordpress\/wp-json\/wp\/v2\/types\/page"}],"author":[{"embeddable":true,"href":"https:\/\/ti-usr3-cp.cuc-carrera-ti.ac.cr\/WordPressBumbble\/wordpress\/wp-json\/wp\/v2\/users\/1"}],"replies":[{"embeddable":true,"href":"https:\/\/ti-usr3-cp.cuc-carrera-ti.ac.cr\/WordPressBumbble\/wordpress\/wp-json\/wp\/v2\/comments?post=308"}],"version-history":[{"count":42,"href":"https:\/\/ti-usr3-cp.cuc-carrera-ti.ac.cr\/WordPressBumbble\/wordpress\/wp-json\/wp\/v2\/pages\/308\/revisions"}],"predecessor-version":[{"id":1318,"href":"https:\/\/ti-usr3-cp.cuc-carrera-ti.ac.cr\/WordPressBumbble\/wordpress\/wp-json\/wp\/v2\/pages\/308\/revisions\/1318"}],"wp:attachment":[{"href":"https:\/\/ti-usr3-cp.cuc-carrera-ti.ac.cr\/WordPressBumbble\/wordpress\/wp-json\/wp\/v2\/media?parent=308"}],"curies":[{"name":"wp","href":"https:\/\/api.w.org\/{rel}","templated":true}]}}